{"id":263,"date":"2018-01-20T18:24:39","date_gmt":"2018-01-20T17:24:39","guid":{"rendered":"http:\/\/chazz.dirk-heckmann.de\/?page_id=263"},"modified":"2018-02-01T13:55:28","modified_gmt":"2018-02-01T12:55:28","slug":"musiker","status":"publish","type":"page","link":"http:\/\/www.dirk-heckmann.de\/?page_id=263","title":{"rendered":"Musiker"},"content":{"rendered":"<h1 style=\"text-align: center;\"><a href=\"http:\/\/www.chazz.band\" target=\"_blank\" rel=\"noopener\">Chazz<\/a><\/h1>\n<p><img loading=\"lazy\" decoding=\"async\" class=\"aligncenter wp-image-280\" src=\"http:\/\/www.dirk-heckmann.de\/wp-content\/uploads\/2018\/01\/DSC8868.jpg\" alt=\"\" width=\"600\" height=\"399\" \/><\/p>\n<p style=\"text-align: center;\">Gypsy-Jazz is the way!<br \/>\nHier ein H\u00f6rbeispiel meiner Band <a href=\"http:\/\/www.chazz.band\" target=\"_blank\" rel=\"noopener\">Chazz<\/a>, in der ich das gro\u00dfe Vergn\u00fcgen habe, Gitarre spielen zu d\u00fcrfen:<\/p>\n<p><iframe loading=\"lazy\" title=\"Chazz: La Vie en Rose (Edith Piaf)\" width=\"525\" height=\"295\" src=\"https:\/\/www.youtube.com\/embed\/s4EHtsAt66A?feature=oembed\" frameborder=\"0\" allow=\"accelerometer; autoplay; clipboard-write; encrypted-media; gyroscope; picture-in-picture; web-share\" referrerpolicy=\"strict-origin-when-cross-origin\" allowfullscreen><\/iframe><\/p>\n<p>&nbsp;<\/p>\n","protected":false},"excerpt":{"rendered":"<p>Chazz Gypsy-Jazz is the way! Hier ein H\u00f6rbeispiel meiner Band Chazz, in der ich das gro\u00dfe Vergn\u00fcgen habe, Gitarre spielen zu d\u00fcrfen: &nbsp;<\/p>\n","protected":false},"author":2,"featured_media":0,"parent":0,"menu_order":0,"comment_status":"closed","ping_status":"closed","template":"","meta":{"footnotes":""},"class_list":["post-263","page","type-page","status-publish","hentry"],"_links":{"self":[{"href":"http:\/\/www.dirk-heckmann.de\/index.php?rest_route=\/wp\/v2\/pages\/263","targetHints":{"allow":["GET"]}}],"collection":[{"href":"http:\/\/www.dirk-heckmann.de\/index.php?rest_route=\/wp\/v2\/pages"}],"about":[{"href":"http:\/\/www.dirk-heckmann.de\/index.php?rest_route=\/wp\/v2\/types\/page"}],"author":[{"embeddable":true,"href":"http:\/\/www.dirk-heckmann.de\/index.php?rest_route=\/wp\/v2\/users\/2"}],"replies":[{"embeddable":true,"href":"http:\/\/www.dirk-heckmann.de\/index.php?rest_route=%2Fwp%2Fv2%2Fcomments&post=263"}],"version-history":[{"count":10,"href":"http:\/\/www.dirk-heckmann.de\/index.php?rest_route=\/wp\/v2\/pages\/263\/revisions"}],"predecessor-version":[{"id":753,"href":"http:\/\/www.dirk-heckmann.de\/index.php?rest_route=\/wp\/v2\/pages\/263\/revisions\/753"}],"wp:attachment":[{"href":"http:\/\/www.dirk-heckmann.de\/index.php?rest_route=%2Fwp%2Fv2%2Fmedia&parent=263"}],"curies":[{"name":"wp","href":"https:\/\/api.w.org\/{rel}","templated":true}]}}